{"id":7,"date":"2021-09-23T20:27:42","date_gmt":"2021-09-23T20:27:42","guid":{"rendered":"https:\/\/startertemplatecloud.com\/g17\/?page_id=7"},"modified":"2022-04-04T00:40:32","modified_gmt":"2022-04-04T00:40:32","slug":"about","status":"publish","type":"page","link":"http:\/\/www.curlytheclowns.com\/es\/about\/","title":{"rendered":"Nosotros"},"content":{"rendered":"<style id=\"kb-rowlayout_57c43c-6e\">#kt-layout-id_57c43c-6e > .kt-row-column-wrap.kb-theme-content-width{max-width:1290px;}.kt-layout-id_57c43c-6e > .kb-theme-content-width{padding-left:var(--global-content-edge-padding);padding-right:var(--global-content-edge-padding);}#kt-layout-id_57c43c-6e{background-color:#e4d717;}#kt-layout-id_57c43c-6e > .kt-row-column-wrap{padding-top:80px;padding-bottom:80px;}<\/style>\n<div class=\"wp-block-kadence-rowlayout alignnone\"><div id=\"kt-layout-id_57c43c-6e\" class=\"kt-row-layout-inner kt-row-has-bg kt-layout-id_57c43c-6e\"><div class=\"kt-row-column-wrap kt-has-1-columns kt-gutter-default kt-v-gutter-default kt-row-valign-top kt-row-layout-equal kt-tab-layout-inherit kt-m-colapse-left-to-right kt-mobile-layout-row kb-theme-content-width\">\n<div class=\"wp-block-kadence-column inner-column-1 kadence-column_2ab8fc-49\"><div class=\"kt-inside-inner-col\"><style id=\"kb-advancedheading_a7bc70-c5\">#kt-adv-heading_a7bc70-c5, #kt-adv-heading_a7bc70-c5 .wp-block-kadence-advancedheading, .wp-block-kadence-advancedheading.kt-adv-heading_a7bc70-c5[data-kb-block=\"kb-adv-heading_a7bc70-c5\"], .kadence-advanced-heading-wrapper .kt-adv-heading_a7bc70-c5[data-kb-block=\"kb-adv-heading_a7bc70-c5\"]{text-align:center;font-size:60px;font-weight:400;font-family:'Lilita One';color:#ffffff;}<\/style>\n<h2 class=\"kt-adv-heading_a7bc70-c5 wp-block-kadence-advancedheading\" data-kb-block=\"kb-adv-heading_a7bc70-c5\">Acerca de Curly<\/h2>\n<\/div><\/div>\n<\/div><\/div><\/div>\n\n\n<style id=\"kb-rowlayout_4ec896-ce\">#kt-layout-id_4ec896-ce > .kt-row-column-wrap.kb-theme-content-width{max-width:1290px;}.kt-layout-id_4ec896-ce > .kb-theme-content-width{padding-left:var(--global-content-edge-padding);padding-right:var(--global-content-edge-padding);}@media all and (min-width: 768px){#kt-layout-id_4ec896-ce > .kt-row-column-wrap > .inner-column-1{flex:0 1 60%;-webkit-flex:0 1 60%;}#kt-layout-id_4ec896-ce > .kt-row-column-wrap > .inner-column-2{flex:0 1 40%;-webkit-flex:0 1 40%;}}#kt-layout-id_4ec896-ce{background-color:#9813bd;}#kt-layout-id_4ec896-ce > .kt-row-column-wrap{padding-top:70px;padding-bottom:72px;min-height:400px;max-width:90%;margin-left:auto;margin-right:auto;}<\/style>\n<div class=\"wp-block-kadence-rowlayout alignnone\"><div id=\"kt-layout-id_4ec896-ce\" class=\"kt-row-layout-inner kt-row-has-bg kt-layout-id_4ec896-ce\"><div class=\"kt-row-column-wrap kt-has-2-columns kt-gutter-widest kt-v-gutter-default kt-row-valign-middle kt-row-layout-equal kt-tab-layout-inherit kt-m-colapse-left-to-right kt-mobile-layout-row  kt-custom-first-width-60  kt-custom-second-width-40 kt-inner-column-height-full kb-theme-content-width\"><style id=\"kb-column_2c7081-e8\">.kt-row-layout-inner > .kt-row-column-wrap > .kadence-column_2c7081-e8 > .kt-inside-inner-col{padding-top:300px;padding-bottom:300px;border-top-left-radius:30px;border-top-right-radius:30px;border-bottom-right-radius:30px;border-bottom-left-radius:30px;box-shadow:rgba(0, 0, 0, 0.2) 0px 0px 14px 0px;}.kadence-column_2c7081-e8{align-self:center;}.kt-inner-column-height-full > .wp-block-kadence-column.kadence-column_2c7081-e8{align-self:auto;}.kt-inner-column-height-full > .wp-block-kadence-column.kadence-column_2c7081-e8 > .kt-inside-inner-col{display:flex;flex-direction:column;justify-content:center;}.kt-row-layout-inner > .kt-row-column-wrap > .kadence-column_2c7081-e8 > .kt-inside-inner-col{background-image:url('http:\/\/www.curlytheclowns.com\/wp-content\/uploads\/2022\/03\/about-001.jpeg');background-size:cover;background-position:38% 28.000000000000004%;background-attachment:scroll;background-repeat:no-repeat;}<\/style>\n<div class=\"wp-block-kadence-column inner-column-1 kadence-column_2c7081-e8\"><div class=\"kt-inside-inner-col\"><\/div><\/div>\n\n\n<style id=\"kb-column_439944-7b\">.kadence-column_439944-7b{align-self:center;}.kt-inner-column-height-full > .wp-block-kadence-column.kadence-column_439944-7b{align-self:auto;}.kt-inner-column-height-full > .wp-block-kadence-column.kadence-column_439944-7b > .kt-inside-inner-col{display:flex;flex-direction:column;justify-content:center;}<\/style>\n<div class=\"wp-block-kadence-column inner-column-2 kadence-column_439944-7b\"><div class=\"kt-inside-inner-col\"><style id=\"kb-advancedheading_f6abfa-af\">#kt-adv-heading_f6abfa-af, #kt-adv-heading_f6abfa-af .wp-block-kadence-advancedheading, .wp-block-kadence-advancedheading.kt-adv-heading_f6abfa-af[data-kb-block=\"kb-adv-heading_f6abfa-af\"], .kadence-advanced-heading-wrapper .kt-adv-heading_f6abfa-af[data-kb-block=\"kb-adv-heading_f6abfa-af\"]{font-weight:400;font-family:'Lilita One';}<\/style>\n<h2 class=\"kt-adv-heading_f6abfa-af wp-block-kadence-advancedheading has-theme-palette-9-color has-text-color\" data-kb-block=\"kb-adv-heading_f6abfa-af\">Nosotros<\/h2>\n\n\n\n<p class=\"has-theme-palette-9-color has-text-color\">\u201cCLOWNING\u201d significa felicidad y risas para muchas personas. Los payasitos agregan mucho color y disfrute a los desfiles, eventos comunitarios y actividades promocionales. Los payasos interact\u00faan con la audiencia mientras saludan, realizan payasadas y hacen visitas personales con muchas personas, sin importar la edad.<\/p>\n\n\n\n<p class=\"has-theme-palette-9-color has-text-color\">Las funciones escolares, los banquetes, las fiestas, las revisiones de estilo y los d\u00edas de centro comercial son otros eventos en los que un payaso puede participar. Los payasos apoyan a las organizaciones proporcionando informaci\u00f3n y publicidad para sus proyectos de servicio. Los ni\u00f1os y las familias est\u00e1n encantados de que un payaso los gu\u00ede en juegos y actividades en celebraciones de cumplea\u00f1os, reuniones y fiestas.<\/p>\n\n\n\n<p class=\"has-theme-palette-9-color has-text-color\">Los payasitos tambi\u00e9n reciben satisfacci\u00f3n personal, ya que brindan un poco de alegr\u00eda a los pacientes del hospital, las personas confinadas en el hogar y los residentes de hogares de convalecientes. Ya sea que su club de payasos decida o no ser un club de servicio, un club de espect\u00e1culos, un club de promoci\u00f3n o una combinaci\u00f3n, hay muchas maneras de involucrar a todos.<\/p>\n\n\n\n<div class=\"wp-block-kadence-rowlayout alignnone\"><div id=\"kt-layout-id_e7819e-0e\" class=\"kt-row-layout-inner kt-layout-id_e7819e-0e\"><div class=\"kt-row-column-wrap kt-has-2-columns kt-gutter-default kt-v-gutter-default kt-row-valign-top kt-row-layout-equal kt-tab-layout-inherit kt-m-colapse-left-to-right kt-mobile-layout-row\">\n<div class=\"wp-block-kadence-column inner-column-1 kadence-column_6c7954-bb\"><div class=\"kt-inside-inner-col\"><\/div><\/div>\n\n\n\n<div class=\"wp-block-kadence-column inner-column-2 kadence-column_38c5d1-20\"><div class=\"kt-inside-inner-col\"><\/div><\/div>\n<\/div><\/div><\/div>\n<\/div><\/div>\n<\/div><\/div><\/div>","protected":false},"excerpt":{"rendered":"<p>About Curly About \u201cCLOWNING\u201d means happiness and laughter for many people. Clowns add lots of color and fun to parades, community events, and promotional activities. Clowns interact with the audience&#8230;<\/p>","protected":false},"author":1,"featured_media":0,"parent":0,"menu_order":0,"comment_status":"closed","ping_status":"closed","template":"","meta":{"_price":"","_stock":"","_tribe_ticket_header":"","_tribe_default_ticket_provider":"","_tribe_ticket_capacity":"0","_ticket_start_date":"","_ticket_end_date":"","_tribe_ticket_show_description":"","_tribe_ticket_show_not_going":false,"_tribe_ticket_use_global_stock":"","_tribe_ticket_global_stock_level":"","_global_stock_mode":"","_global_stock_cap":"","_tribe_rsvp_for_event":"","_tribe_ticket_going_count":"","_tribe_ticket_not_going_count":"","_tribe_tickets_list":[],"_tribe_ticket_has_attendee_info_fields":false,"_EventAllDay":false,"_EventTimezone":"","_EventStartDate":"","_EventEndDate":"","_EventStartDateUTC":"","_EventEndDateUTC":"","_EventShowMap":false,"_EventShowMapLink":false,"_EventURL":"","_EventCost":"","_EventCostDescription":"","_EventCurrencySymbol":"","_EventCurrencyPosition":"","_EventDateTimeSeparator":"","_EventTimeRangeSeparator":"","_EventOrganizerID":[],"_EventVenueID":0,"_OrganizerEmail":"","_OrganizerPhone":"","_OrganizerWebsite":"","_VenueAddress":"","_VenueCity":"","_VenueCountry":"","_VenueProvince":"","_VenueZip":"","_VenuePhone":"","_VenueURL":"","_VenueStateProvince":"","_VenueLat":"","_VenueLng":"","_kad_post_transparent":"","_kad_post_title":"","_kad_post_layout":"","_kad_post_sidebar_id":"","_kad_post_content_style":"","_kad_post_vertical_padding":"","_kad_post_feature":"","_kad_post_feature_position":"","_kad_post_header":false,"_kad_post_footer":false},"ticketed":false,"_links":{"self":[{"href":"http:\/\/www.curlytheclowns.com\/es\/wp-json\/wp\/v2\/pages\/7"}],"collection":[{"href":"http:\/\/www.curlytheclowns.com\/es\/wp-json\/wp\/v2\/pages"}],"about":[{"href":"http:\/\/www.curlytheclowns.com\/es\/wp-json\/wp\/v2\/types\/page"}],"author":[{"embeddable":true,"href":"http:\/\/www.curlytheclowns.com\/es\/wp-json\/wp\/v2\/users\/1"}],"replies":[{"embeddable":true,"href":"http:\/\/www.curlytheclowns.com\/es\/wp-json\/wp\/v2\/comments?post=7"}],"version-history":[{"count":10,"href":"http:\/\/www.curlytheclowns.com\/es\/wp-json\/wp\/v2\/pages\/7\/revisions"}],"predecessor-version":[{"id":915,"href":"http:\/\/www.curlytheclowns.com\/es\/wp-json\/wp\/v2\/pages\/7\/revisions\/915"}],"wp:attachment":[{"href":"http:\/\/www.curlytheclowns.com\/es\/wp-json\/wp\/v2\/media?parent=7"}],"curies":[{"name":"wp","href":"https:\/\/api.w.org\/{rel}","templated":true}]}}